{"id":33,"date":"2014-01-27T17:30:57","date_gmt":"2014-01-27T17:30:57","guid":{"rendered":"http:\/\/www.amoronline.pt\/blog\/?page_id=33"},"modified":"2018-10-15T22:25:30","modified_gmt":"2018-10-15T22:25:30","slug":"contato","status":"publish","type":"page","link":"https:\/\/www.amoronline.pt\/blog\/contato\/","title":{"rendered":"Formul\u00e1rio de Contato"},"content":{"rendered":"<p>D\u00favidas,\u00a0 coment\u00e1rios ou sugest\u00f5es, ou se pretende entrar em contato com a nossa equipa para qualquer outro tipo de quest\u00e3o e\/ou esclarecimento, por favor use o formul\u00e1rio abaixo e entraremos em contato o mais breve poss\u00edvel.<\/p>\n<div role=\"form\" class=\"wpcf7\" id=\"wpcf7-f173-o1\" lang=\"pt-PT\" dir=\"ltr\">\n<div class=\"screen-reader-response\"><p role=\"status\" aria-live=\"polite\" aria-atomic=\"true\"><\/p> <ul><\/ul><\/div>\n<form action=\"\/blog\/wp-json\/wp\/v2\/pages\/33#wpcf7-f173-o1\" method=\"post\" class=\"wpcf7-form init\" novalidate=\"novalidate\" data-status=\"init\">\n<div style=\"display: none;\">\n<input type=\"hidden\" name=\"_wpcf7\" value=\"173\" \/>\n<input type=\"hidden\" name=\"_wpcf7_version\" value=\"5.5.6\" \/>\n<input type=\"hidden\" name=\"_wpcf7_locale\" value=\"pt_PT\" \/>\n<input type=\"hidden\" name=\"_wpcf7_unit_tag\" value=\"wpcf7-f173-o1\" \/>\n<input type=\"hidden\" name=\"_wpcf7_container_post\" value=\"0\" \/>\n<input type=\"hidden\" name=\"_wpcf7_posted_data_hash\" value=\"\" \/>\n<\/div>\n<p><label> O seu nome (obrigat\u00f3rio)<br \/>\n    <span class=\"wpcf7-form-control-wrap your-name\"><input type=\"text\" name=\"your-name\" value=\"\" size=\"40\" class=\"wpcf7-form-control wpcf7-text wpcf7-validates-as-required\" aria-required=\"true\" aria-invalid=\"false\" \/><\/span> <\/label><\/p>\n<p><label> O seu email (obrigat\u00f3rio)<br \/>\n    <span class=\"wpcf7-form-control-wrap your-email\"><input type=\"email\" name=\"your-email\" value=\"\" size=\"40\" class=\"wpcf7-form-control wpcf7-text wpcf7-email wpcf7-validates-as-required wpcf7-validates-as-email\" aria-required=\"true\" aria-invalid=\"false\" \/><\/span> <\/label><\/p>\n<p><label> Assunto<br \/>\n    <span class=\"wpcf7-form-control-wrap your-subject\"><input type=\"text\" name=\"your-subject\" value=\"\" size=\"40\" class=\"wpcf7-form-control wpcf7-text\" aria-invalid=\"false\" \/><\/span> <\/label><\/p>\n<p><label> A sua mensagem<br \/>\n    <span class=\"wpcf7-form-control-wrap your-message\"><textarea name=\"your-message\" cols=\"40\" rows=\"10\" class=\"wpcf7-form-control wpcf7-textarea\" aria-invalid=\"false\"><\/textarea><\/span> <\/label><\/p>\n<p><input type=\"submit\" value=\"Enviar\" class=\"wpcf7-form-control has-spinner wpcf7-submit\" \/><\/p>\n<p style=\"display: none !important;\"><label>&#916;<textarea name=\"_wpcf7_ak_hp_textarea\" cols=\"45\" rows=\"8\" maxlength=\"100\"><\/textarea><\/label><input type=\"hidden\" id=\"ak_js_1\" name=\"_wpcf7_ak_js\" value=\"174\"\/><script>document.getElementById( \"ak_js_1\" ).setAttribute( \"value\", ( new Date() ).getTime() );<\/script><\/p><div class=\"wpcf7-response-output\" aria-hidden=\"true\"><\/div><\/form><\/div>\n","protected":false},"excerpt":{"rendered":"<p>D\u00favidas,\u00a0 coment\u00e1rios ou sugest\u00f5es, ou se pretende entrar em contato com a nossa equipa para qualquer outro tipo de quest\u00e3o e\/ou esclarecimento, por favor use o formul\u00e1rio abaixo e entraremos em contato o mais breve poss\u00edvel.<\/p>\n","protected":false},"author":1,"featured_media":0,"parent":0,"menu_order":0,"comment_status":"closed","ping_status":"open","template":"","meta":{"spay_email":""},"yoast_head":"<!-- This site is optimized with the Yoast SEO plugin v18.3 - https:\/\/yoast.com\/wordpress\/plugins\/seo\/ -->\n<title>Contato<\/title>\n<meta name=\"description\" content=\"Formul\u00e1rio de Contato para d\u00favidas , esclarecimentos, sugest\u00f5es ou outros assuntos diretamente relacionados com o amoronline.pt\" \/>\n<meta name=\"robots\" content=\"index, follow, max-snippet:-1, max-image-preview:large, max-video-preview:-1\" \/>\n<link rel=\"canonical\" href=\"https:\/\/www.amoronline.pt\/blog\/contato\/\" \/>\n<meta property=\"og:locale\" content=\"pt_PT\" \/>\n<meta property=\"og:type\" content=\"article\" \/>\n<meta property=\"og:title\" content=\"Contato\" \/>\n<meta property=\"og:description\" content=\"Formul\u00e1rio de Contato para d\u00favidas , esclarecimentos, sugest\u00f5es ou outros assuntos diretamente relacionados com o amoronline.pt\" \/>\n<meta property=\"og:url\" content=\"https:\/\/www.amoronline.pt\/blog\/contato\/\" \/>\n<meta property=\"og:site_name\" content=\"O Blog do Amor Online\" \/>\n<meta property=\"article:modified_time\" content=\"2018-10-15T22:25:30+00:00\" \/>\n<script type=\"application\/ld+json\" class=\"yoast-schema-graph\">{\"@context\":\"https:\/\/schema.org\",\"@graph\":[{\"@type\":\"WebSite\",\"@id\":\"https:\/\/www.amoronline.pt\/blog\/#website\",\"url\":\"https:\/\/www.amoronline.pt\/blog\/\",\"name\":\"O Blog do Amor Online\",\"description\":\"Encontre o seu amor na Internet\",\"potentialAction\":[{\"@type\":\"SearchAction\",\"target\":{\"@type\":\"EntryPoint\",\"urlTemplate\":\"https:\/\/www.amoronline.pt\/blog\/?s={search_term_string}\"},\"query-input\":\"required name=search_term_string\"}],\"inLanguage\":\"pt-PT\"},{\"@type\":\"WebPage\",\"@id\":\"https:\/\/www.amoronline.pt\/blog\/contato\/#webpage\",\"url\":\"https:\/\/www.amoronline.pt\/blog\/contato\/\",\"name\":\"Contato\",\"isPartOf\":{\"@id\":\"https:\/\/www.amoronline.pt\/blog\/#website\"},\"datePublished\":\"2014-01-27T17:30:57+00:00\",\"dateModified\":\"2018-10-15T22:25:30+00:00\",\"description\":\"Formul\u00e1rio de Contato para d\u00favidas , esclarecimentos, sugest\u00f5es ou outros assuntos diretamente relacionados com o amoronline.pt\",\"breadcrumb\":{\"@id\":\"https:\/\/www.amoronline.pt\/blog\/contato\/#breadcrumb\"},\"inLanguage\":\"pt-PT\",\"potentialAction\":[{\"@type\":\"ReadAction\",\"target\":[\"https:\/\/www.amoronline.pt\/blog\/contato\/\"]}]},{\"@type\":\"BreadcrumbList\",\"@id\":\"https:\/\/www.amoronline.pt\/blog\/contato\/#breadcrumb\",\"itemListElement\":[{\"@type\":\"ListItem\",\"position\":1,\"name\":\"In\u00edcio\",\"item\":\"https:\/\/www.amoronline.pt\/blog\/\"},{\"@type\":\"ListItem\",\"position\":2,\"name\":\"Formul\u00e1rio de Contato\"}]}]}<\/script>\n<!-- \/ Yoast SEO plugin. -->","yoast_head_json":{"title":"Contato","description":"Formul\u00e1rio de Contato para d\u00favidas , esclarecimentos, sugest\u00f5es ou outros assuntos diretamente relacionados com o amoronline.pt","robots":{"index":"index","follow":"follow","max-snippet":"max-snippet:-1","max-image-preview":"max-image-preview:large","max-video-preview":"max-video-preview:-1"},"canonical":"https:\/\/www.amoronline.pt\/blog\/contato\/","og_locale":"pt_PT","og_type":"article","og_title":"Contato","og_description":"Formul\u00e1rio de Contato para d\u00favidas , esclarecimentos, sugest\u00f5es ou outros assuntos diretamente relacionados com o amoronline.pt","og_url":"https:\/\/www.amoronline.pt\/blog\/contato\/","og_site_name":"O Blog do Amor Online","article_modified_time":"2018-10-15T22:25:30+00:00","schema":{"@context":"https:\/\/schema.org","@graph":[{"@type":"WebSite","@id":"https:\/\/www.amoronline.pt\/blog\/#website","url":"https:\/\/www.amoronline.pt\/blog\/","name":"O Blog do Amor Online","description":"Encontre o seu amor na Internet","potentialAction":[{"@type":"SearchAction","target":{"@type":"EntryPoint","urlTemplate":"https:\/\/www.amoronline.pt\/blog\/?s={search_term_string}"},"query-input":"required name=search_term_string"}],"inLanguage":"pt-PT"},{"@type":"WebPage","@id":"https:\/\/www.amoronline.pt\/blog\/contato\/#webpage","url":"https:\/\/www.amoronline.pt\/blog\/contato\/","name":"Contato","isPartOf":{"@id":"https:\/\/www.amoronline.pt\/blog\/#website"},"datePublished":"2014-01-27T17:30:57+00:00","dateModified":"2018-10-15T22:25:30+00:00","description":"Formul\u00e1rio de Contato para d\u00favidas , esclarecimentos, sugest\u00f5es ou outros assuntos diretamente relacionados com o amoronline.pt","breadcrumb":{"@id":"https:\/\/www.amoronline.pt\/blog\/contato\/#breadcrumb"},"inLanguage":"pt-PT","potentialAction":[{"@type":"ReadAction","target":["https:\/\/www.amoronline.pt\/blog\/contato\/"]}]},{"@type":"BreadcrumbList","@id":"https:\/\/www.amoronline.pt\/blog\/contato\/#breadcrumb","itemListElement":[{"@type":"ListItem","position":1,"name":"In\u00edcio","item":"https:\/\/www.amoronline.pt\/blog\/"},{"@type":"ListItem","position":2,"name":"Formul\u00e1rio de Contato"}]}]}},"jetpack_sharing_enabled":true,"jetpack_shortlink":"https:\/\/wp.me\/P8dQJE-x","_links":{"self":[{"href":"https:\/\/www.amoronline.pt\/blog\/wp-json\/wp\/v2\/pages\/33"}],"collection":[{"href":"https:\/\/www.amoronline.pt\/blog\/wp-json\/wp\/v2\/pages"}],"about":[{"href":"https:\/\/www.amoronline.pt\/blog\/wp-json\/wp\/v2\/types\/page"}],"author":[{"embeddable":true,"href":"https:\/\/www.amoronline.pt\/blog\/wp-json\/wp\/v2\/users\/1"}],"replies":[{"embeddable":true,"href":"https:\/\/www.amoronline.pt\/blog\/wp-json\/wp\/v2\/comments?post=33"}],"version-history":[{"count":3,"href":"https:\/\/www.amoronline.pt\/blog\/wp-json\/wp\/v2\/pages\/33\/revisions"}],"predecessor-version":[{"id":174,"href":"https:\/\/www.amoronline.pt\/blog\/wp-json\/wp\/v2\/pages\/33\/revisions\/174"}],"wp:attachment":[{"href":"https:\/\/www.amoronline.pt\/blog\/wp-json\/wp\/v2\/media?parent=33"}],"curies":[{"name":"wp","href":"https:\/\/api.w.org\/{rel}","templated":true}]}}